{"id":98,"date":"2026-03-06T14:34:42","date_gmt":"2026-03-06T13:34:42","guid":{"rendered":"https:\/\/www.wypozyczdrona.pl\/?post_type=product&#038;p=98"},"modified":"2026-03-06T14:34:42","modified_gmt":"2026-03-06T13:34:42","slug":"dji-avata-2-flymore-combo","status":"publish","type":"product","link":"https:\/\/www.wypozyczdrona.pl\/?product=dji-avata-2-flymore-combo","title":{"rendered":"DJI Avata 2 flymore combo"},"content":{"rendered":"<p>DJI Avata 2 to kompaktowy dron FPV zaprojektowany przede wszystkim z my\u015bl\u0105 o dynamicznych uj\u0119ciach i immersyjnych nagraniach z powietrza. Najlepiej sprawdza si\u0119 tam, gdzie liczy si\u0119 p\u0142ynny, efektowny ruch kamery oraz mo\u017cliwo\u015b\u0107 wykonywania kreatywnych przelot\u00f3w w trudno dost\u0119pnych lub ciasnych przestrzeniach. W por\u00f3wnaniu z dronami wykorzystywanymi do mapowania i inspekcji nie jest to platforma pomiarowa, lecz sprz\u0119t nastawiony na obraz, mobilno\u015b\u0107 i atrakcyjno\u015b\u0107 wizualn\u0105 materia\u0142u. To dobry wyb\u00f3r do realizacji filmowych, prezentacyjnych i promocyjnych, ale nie do zada\u0144 wymagaj\u0105cych zaawansowanych sensor\u00f3w czy wysokiej precyzji danych geodezyjnych.<\/p>\n","protected":false},"excerpt":{"rendered":"<p>DJI Avata 2 to kompaktowy dron FPV zaprojektowany przede wszystkim z my\u015bl\u0105 o dynamicznych uj\u0119ciach i immersyjnych nagraniach z powietrza. Najlepiej sprawdza si\u0119 tam, gdzie liczy si\u0119 p\u0142ynny, efektowny ruch kamery oraz mo\u017cliwo\u015b\u0107 wykonywania kreatywnych przelot\u00f3w w trudno dost\u0119pnych lub ciasnych przestrzeniach. W por\u00f3wnaniu z dronami wykorzystywanymi do mapowania i inspekcji nie jest to platforma [&hellip;]<\/p>\n","protected":false},"featured_media":97,"comment_status":"open","ping_status":"closed","template":"","meta":[],"product_brand":[],"product_cat":[15],"product_tag":[],"class_list":{"0":"post-98","1":"product","2":"type-product","3":"status-publish","4":"has-post-thumbnail","6":"product_cat-bez-kategorii","8":"first","9":"instock","10":"taxable","11":"shipping-taxable","12":"purchasable","13":"product-type-redq_rental"},"_links":{"self":[{"href":"https:\/\/www.wypozyczdrona.pl\/index.php?rest_route=\/wp\/v2\/product\/98","targetHints":{"allow":["GET"]}}],"collection":[{"href":"https:\/\/www.wypozyczdrona.pl\/index.php?rest_route=\/wp\/v2\/product"}],"about":[{"href":"https:\/\/www.wypozyczdrona.pl\/index.php?rest_route=\/wp\/v2\/types\/product"}],"replies":[{"embeddable":true,"href":"https:\/\/www.wypozyczdrona.pl\/index.php?rest_route=%2Fwp%2Fv2%2Fcomments&post=98"}],"wp:featuredmedia":[{"embeddable":true,"href":"https:\/\/www.wypozyczdrona.pl\/index.php?rest_route=\/wp\/v2\/media\/97"}],"wp:attachment":[{"href":"https:\/\/www.wypozyczdrona.pl\/index.php?rest_route=%2Fwp%2Fv2%2Fmedia&parent=98"}],"wp:term":[{"taxonomy":"product_brand","embeddable":true,"href":"https:\/\/www.wypozyczdrona.pl\/index.php?rest_route=%2Fwp%2Fv2%2Fproduct_brand&post=98"},{"taxonomy":"product_cat","embeddable":true,"href":"https:\/\/www.wypozyczdrona.pl\/index.php?rest_route=%2Fwp%2Fv2%2Fproduct_cat&post=98"},{"taxonomy":"product_tag","embeddable":true,"href":"https:\/\/www.wypozyczdrona.pl\/index.php?rest_route=%2Fwp%2Fv2%2Fproduct_tag&post=98"}],"curies":[{"name":"wp","href":"https:\/\/api.w.org\/{rel}","templated":true}]}}