{"id":95,"date":"2026-03-06T14:22:37","date_gmt":"2026-03-06T13:22:37","guid":{"rendered":"https:\/\/www.wypozyczdrona.pl\/?post_type=product&#038;p=95"},"modified":"2026-03-06T14:23:39","modified_gmt":"2026-03-06T13:23:39","slug":"dji-mavic-3-multispectral","status":"publish","type":"product","link":"https:\/\/www.wypozyczdrona.pl\/?product=dji-mavic-3-multispectral","title":{"rendered":"DJI Mavic 3 Multispectral"},"content":{"rendered":"<p>DJI Mavic 3 Multispectral to kompaktowy dron stworzony z my\u015bl\u0105 o zastosowaniach rolniczych i monitoringu upraw. \u0141\u0105czy klasyczn\u0105 kamer\u0119 RGB z systemem obrazowania multispektralnego, co pozwala analizowa\u0107 kondycj\u0119 ro\u015blin, wykrywa\u0107 r\u00f3\u017cnice we wzro\u015bcie oraz wspiera\u0107 podejmowanie decyzji w rolnictwie precyzyjnym. Jego atutem s\u0105 niewielkie rozmiary, \u0142atwo\u015b\u0107 transportu i sprawna realizacja nalot\u00f3w na polach oraz terenach rolnych. To praktyczne rozwi\u0105zanie dla u\u017cytkownik\u00f3w, kt\u00f3rzy potrzebuj\u0105 narz\u0119dzia do szybkiej oceny stanu upraw, ale nie wymagaj\u0105 ci\u0119\u017cszej, bardziej zaawansowanej platformy pomiarowej.<\/p>\n","protected":false},"excerpt":{"rendered":"<p>DJI Mavic 3 Multispectral to kompaktowy dron stworzony z my\u015bl\u0105 o zastosowaniach rolniczych i monitoringu upraw. \u0141\u0105czy klasyczn\u0105 kamer\u0119 RGB z systemem obrazowania multispektralnego, co pozwala analizowa\u0107 kondycj\u0119 ro\u015blin, wykrywa\u0107 r\u00f3\u017cnice we wzro\u015bcie oraz wspiera\u0107 podejmowanie decyzji w rolnictwie precyzyjnym. Jego atutem s\u0105 niewielkie rozmiary, \u0142atwo\u015b\u0107 transportu i sprawna realizacja nalot\u00f3w na polach oraz terenach [&hellip;]<\/p>\n","protected":false},"featured_media":97,"comment_status":"open","ping_status":"closed","template":"","meta":[],"product_brand":[],"product_cat":[15],"product_tag":[],"class_list":{"0":"post-95","1":"product","2":"type-product","3":"status-publish","4":"has-post-thumbnail","6":"product_cat-bez-kategorii","8":"first","9":"instock","10":"taxable","11":"shipping-taxable","12":"purchasable","13":"product-type-redq_rental"},"_links":{"self":[{"href":"https:\/\/www.wypozyczdrona.pl\/index.php?rest_route=\/wp\/v2\/product\/95","targetHints":{"allow":["GET"]}}],"collection":[{"href":"https:\/\/www.wypozyczdrona.pl\/index.php?rest_route=\/wp\/v2\/product"}],"about":[{"href":"https:\/\/www.wypozyczdrona.pl\/index.php?rest_route=\/wp\/v2\/types\/product"}],"replies":[{"embeddable":true,"href":"https:\/\/www.wypozyczdrona.pl\/index.php?rest_route=%2Fwp%2Fv2%2Fcomments&post=95"}],"wp:featuredmedia":[{"embeddable":true,"href":"https:\/\/www.wypozyczdrona.pl\/index.php?rest_route=\/wp\/v2\/media\/97"}],"wp:attachment":[{"href":"https:\/\/www.wypozyczdrona.pl\/index.php?rest_route=%2Fwp%2Fv2%2Fmedia&parent=95"}],"wp:term":[{"taxonomy":"product_brand","embeddable":true,"href":"https:\/\/www.wypozyczdrona.pl\/index.php?rest_route=%2Fwp%2Fv2%2Fproduct_brand&post=95"},{"taxonomy":"product_cat","embeddable":true,"href":"https:\/\/www.wypozyczdrona.pl\/index.php?rest_route=%2Fwp%2Fv2%2Fproduct_cat&post=95"},{"taxonomy":"product_tag","embeddable":true,"href":"https:\/\/www.wypozyczdrona.pl\/index.php?rest_route=%2Fwp%2Fv2%2Fproduct_tag&post=95"}],"curies":[{"name":"wp","href":"https:\/\/api.w.org\/{rel}","templated":true}]}}