{"id":104,"date":"2026-03-06T14:49:44","date_gmt":"2026-03-06T13:49:44","guid":{"rendered":"https:\/\/www.wypozyczdrona.pl\/?post_type=product&#038;p=104"},"modified":"2026-03-06T14:49:45","modified_gmt":"2026-03-06T13:49:45","slug":"dji-air-3s","status":"publish","type":"product","link":"https:\/\/www.wypozyczdrona.pl\/?product=dji-air-3s","title":{"rendered":"DJI air 3s"},"content":{"rendered":"<p>DJI Air 3S to zaawansowany dron konsumencki klasy premium, stworzony z my\u015bl\u0105 o osobach, kt\u00f3re chc\u0105 \u0142\u0105czy\u0107 wysok\u0105 jako\u015b\u0107 obrazu z du\u017c\u0105 uniwersalno\u015bci\u0105 w terenie. Jego najmocniejsz\u0105 stron\u0105 jest podw\u00f3jny system kamer \u2014 g\u0142\u00f3wna kamera z 1-calow\u0105 matryc\u0105 CMOS oraz kamera \u015bredniotele 70 mm \u2014 dzi\u0119ki czemu dobrze sprawdza si\u0119 zar\u00f3wno przy szerokich uj\u0119ciach krajobrazowych, jak i bardziej filmowych kadrach z kompresj\u0105 perspektywy. To model szczeg\u00f3lnie atrakcyjny dla tw\u00f3rc\u00f3w internetowych, fotograf\u00f3w podr\u00f3\u017cniczych i u\u017cytkownik\u00f3w p\u00f3\u0142profesjonalnych, kt\u00f3rym zale\u017cy na lepszym obrazie i wi\u0119kszej elastyczno\u015bci ni\u017c w l\u017cejszych konstrukcjach serii Mini. Nie jest to jednak platforma do zastosowa\u0144 przemys\u0142owych czy pomiarowych, lecz wszechstronny dron do fotografii i wideo, z mocnym naciskiem na mobilno\u015b\u0107, bezpiecze\u0144stwo lotu i kreatywn\u0105 prac\u0119 z kadrem.<\/p>\n","protected":false},"excerpt":{"rendered":"<p>DJI Air 3S to zaawansowany dron konsumencki klasy premium, stworzony z my\u015bl\u0105 o osobach, kt\u00f3re chc\u0105 \u0142\u0105czy\u0107 wysok\u0105 jako\u015b\u0107 obrazu z du\u017c\u0105 uniwersalno\u015bci\u0105 w terenie. Jego najmocniejsz\u0105 stron\u0105 jest podw\u00f3jny system kamer \u2014 g\u0142\u00f3wna kamera z 1-calow\u0105 matryc\u0105 CMOS oraz kamera \u015bredniotele 70 mm \u2014 dzi\u0119ki czemu dobrze sprawdza si\u0119 zar\u00f3wno przy szerokich uj\u0119ciach krajobrazowych, [&hellip;]<\/p>\n","protected":false},"featured_media":97,"comment_status":"open","ping_status":"closed","template":"","meta":[],"product_brand":[],"product_cat":[15],"product_tag":[],"class_list":{"0":"post-104","1":"product","2":"type-product","3":"status-publish","4":"has-post-thumbnail","6":"product_cat-bez-kategorii","8":"first","9":"instock","10":"taxable","11":"shipping-taxable","12":"product-type-redq_rental"},"_links":{"self":[{"href":"https:\/\/www.wypozyczdrona.pl\/index.php?rest_route=\/wp\/v2\/product\/104","targetHints":{"allow":["GET"]}}],"collection":[{"href":"https:\/\/www.wypozyczdrona.pl\/index.php?rest_route=\/wp\/v2\/product"}],"about":[{"href":"https:\/\/www.wypozyczdrona.pl\/index.php?rest_route=\/wp\/v2\/types\/product"}],"replies":[{"embeddable":true,"href":"https:\/\/www.wypozyczdrona.pl\/index.php?rest_route=%2Fwp%2Fv2%2Fcomments&post=104"}],"wp:featuredmedia":[{"embeddable":true,"href":"https:\/\/www.wypozyczdrona.pl\/index.php?rest_route=\/wp\/v2\/media\/97"}],"wp:attachment":[{"href":"https:\/\/www.wypozyczdrona.pl\/index.php?rest_route=%2Fwp%2Fv2%2Fmedia&parent=104"}],"wp:term":[{"taxonomy":"product_brand","embeddable":true,"href":"https:\/\/www.wypozyczdrona.pl\/index.php?rest_route=%2Fwp%2Fv2%2Fproduct_brand&post=104"},{"taxonomy":"product_cat","embeddable":true,"href":"https:\/\/www.wypozyczdrona.pl\/index.php?rest_route=%2Fwp%2Fv2%2Fproduct_cat&post=104"},{"taxonomy":"product_tag","embeddable":true,"href":"https:\/\/www.wypozyczdrona.pl\/index.php?rest_route=%2Fwp%2Fv2%2Fproduct_tag&post=104"}],"curies":[{"name":"wp","href":"https:\/\/api.w.org\/{rel}","templated":true}]}}