{"id":102,"date":"2026-03-06T14:44:09","date_gmt":"2026-03-06T13:44:09","guid":{"rendered":"https:\/\/www.wypozyczdrona.pl\/?post_type=product&#038;p=102"},"modified":"2026-03-06T14:44:09","modified_gmt":"2026-03-06T13:44:09","slug":"dji-neo-2-motion","status":"publish","type":"product","link":"https:\/\/www.wypozyczdrona.pl\/?product=dji-neo-2-motion","title":{"rendered":"DJI Neo 2 Motion"},"content":{"rendered":"<p>DJI Neo 2 Motion to bardzo lekki, kompaktowy zestaw nastawiony przede wszystkim na prost\u0105, efektown\u0105 i immersyjn\u0105 zabaw\u0119 w latanie FPV. Dzi\u0119ki po\u0142\u0105czeniu niewielkiego drona z goglami oraz kontrolerem ruchowym pozwala szybko wej\u015b\u0107 w \u015bwiat lot\u00f3w z perspektywy pierwszej osoby, bez potrzeby korzystania z bardziej skomplikowanej aparatury. To rozwi\u0105zanie najlepiej sprawdza si\u0119 przy rekreacyjnych nagraniach, uj\u0119ciach lifestyle\u2019owych i dynamicznym lataniu na kr\u00f3tkim dystansie. W por\u00f3wnaniu z bardziej profesjonalnymi platformami nie jest to sprz\u0119t do precyzyjnych pomiar\u00f3w, inspekcji czy zaawansowanej pracy komercyjnej, lecz raczej mobilny i przyst\u0119pny zestaw do kreatywnego filmowania oraz lot\u00f3w FPV. Zestaw Motion Fly More Combo obejmuje m.in. drona Neo 2, kontroler RC Motion 3 i gogle Goggles N3, a sam Neo 2 wa\u017cy oko\u0142o 151 g i oferuje do 19 minut lotu.<\/p>\n","protected":false},"excerpt":{"rendered":"<p>DJI Neo 2 Motion to bardzo lekki, kompaktowy zestaw nastawiony przede wszystkim na prost\u0105, efektown\u0105 i immersyjn\u0105 zabaw\u0119 w latanie FPV. Dzi\u0119ki po\u0142\u0105czeniu niewielkiego drona z goglami oraz kontrolerem ruchowym pozwala szybko wej\u015b\u0107 w \u015bwiat lot\u00f3w z perspektywy pierwszej osoby, bez potrzeby korzystania z bardziej skomplikowanej aparatury. To rozwi\u0105zanie najlepiej sprawdza si\u0119 przy rekreacyjnych nagraniach, [&hellip;]<\/p>\n","protected":false},"featured_media":97,"comment_status":"open","ping_status":"closed","template":"","meta":[],"product_brand":[],"product_cat":[15],"product_tag":[],"class_list":{"0":"post-102","1":"product","2":"type-product","3":"status-publish","4":"has-post-thumbnail","6":"product_cat-bez-kategorii","8":"first","9":"instock","10":"taxable","11":"shipping-taxable","12":"purchasable","13":"product-type-redq_rental"},"_links":{"self":[{"href":"https:\/\/www.wypozyczdrona.pl\/index.php?rest_route=\/wp\/v2\/product\/102","targetHints":{"allow":["GET"]}}],"collection":[{"href":"https:\/\/www.wypozyczdrona.pl\/index.php?rest_route=\/wp\/v2\/product"}],"about":[{"href":"https:\/\/www.wypozyczdrona.pl\/index.php?rest_route=\/wp\/v2\/types\/product"}],"replies":[{"embeddable":true,"href":"https:\/\/www.wypozyczdrona.pl\/index.php?rest_route=%2Fwp%2Fv2%2Fcomments&post=102"}],"wp:featuredmedia":[{"embeddable":true,"href":"https:\/\/www.wypozyczdrona.pl\/index.php?rest_route=\/wp\/v2\/media\/97"}],"wp:attachment":[{"href":"https:\/\/www.wypozyczdrona.pl\/index.php?rest_route=%2Fwp%2Fv2%2Fmedia&parent=102"}],"wp:term":[{"taxonomy":"product_brand","embeddable":true,"href":"https:\/\/www.wypozyczdrona.pl\/index.php?rest_route=%2Fwp%2Fv2%2Fproduct_brand&post=102"},{"taxonomy":"product_cat","embeddable":true,"href":"https:\/\/www.wypozyczdrona.pl\/index.php?rest_route=%2Fwp%2Fv2%2Fproduct_cat&post=102"},{"taxonomy":"product_tag","embeddable":true,"href":"https:\/\/www.wypozyczdrona.pl\/index.php?rest_route=%2Fwp%2Fv2%2Fproduct_tag&post=102"}],"curies":[{"name":"wp","href":"https:\/\/api.w.org\/{rel}","templated":true}]}}