{"id":101,"date":"2026-03-06T14:42:16","date_gmt":"2026-03-06T13:42:16","guid":{"rendered":"https:\/\/www.wypozyczdrona.pl\/?post_type=product&#038;p=101"},"modified":"2026-03-06T14:42:16","modified_gmt":"2026-03-06T13:42:16","slug":"dji-matrice-4t","status":"publish","type":"product","link":"https:\/\/www.wypozyczdrona.pl\/?product=dji-matrice-4t","title":{"rendered":"DJI Matrice 4T"},"content":{"rendered":"<p>DJI Matrice 4T to kompaktowa, wielosensorowa platforma przemys\u0142owa przeznaczona przede wszystkim do inspekcji technicznych, dzia\u0142a\u0144 ratowniczych, bezpiecze\u0144stwa oraz pracy w terenie wymagaj\u0105cym szybkiej oceny sytuacji. W odr\u00f3\u017cnieniu od modeli nastawionych g\u0142\u00f3wnie na fotogrametri\u0119 i mapowanie, ten wariant zosta\u0142 zaprojektowany z my\u015bl\u0105 o obserwacji, wykrywaniu i analizie obiekt\u00f3w r\u00f3wnie\u017c w trudniejszych warunkach o\u015bwietleniowych. Jego kluczow\u0105 przewag\u0105 jest po\u0142\u0105czenie kamery szerokok\u0105tnej, zoomu, kamery termowizyjnej oraz dalmierza laserowego, co znacz\u0105co zwi\u0119ksza u\u017cyteczno\u015b\u0107 podczas inspekcji infrastruktury, monitoringu czy akcji poszukiwawczych. To rozwi\u0105zanie dla u\u017cytkownik\u00f3w, kt\u00f3rzy potrzebuj\u0105 mobilnego drona do zada\u0144 operacyjnych i diagnostycznych, a nie wy\u0142\u0105cznie do klasycznych pomiar\u00f3w geodezyjnych. DJI podaje m.in., \u017ce Matrice 4T ma kamer\u0119 termowizyjn\u0105 640 \u00d7 512, zestaw kamer obserwacyjnych oraz laser range finder, a ca\u0142a seria Matrice 4 zosta\u0142a zaprojektowana jako kompaktowa, inteligentna platforma wielosensorowa dla zastosowa\u0144 enterprise.<\/p>\n","protected":false},"excerpt":{"rendered":"<p>DJI Matrice 4T to kompaktowa, wielosensorowa platforma przemys\u0142owa przeznaczona przede wszystkim do inspekcji technicznych, dzia\u0142a\u0144 ratowniczych, bezpiecze\u0144stwa oraz pracy w terenie wymagaj\u0105cym szybkiej oceny sytuacji. W odr\u00f3\u017cnieniu od modeli nastawionych g\u0142\u00f3wnie na fotogrametri\u0119 i mapowanie, ten wariant zosta\u0142 zaprojektowany z my\u015bl\u0105 o obserwacji, wykrywaniu i analizie obiekt\u00f3w r\u00f3wnie\u017c w trudniejszych warunkach o\u015bwietleniowych. Jego kluczow\u0105 przewag\u0105 [&hellip;]<\/p>\n","protected":false},"featured_media":97,"comment_status":"open","ping_status":"closed","template":"","meta":[],"product_brand":[],"product_cat":[15],"product_tag":[],"class_list":{"0":"post-101","1":"product","2":"type-product","3":"status-publish","4":"has-post-thumbnail","6":"product_cat-bez-kategorii","8":"first","9":"instock","10":"taxable","11":"shipping-taxable","12":"purchasable","13":"product-type-redq_rental"},"_links":{"self":[{"href":"https:\/\/www.wypozyczdrona.pl\/index.php?rest_route=\/wp\/v2\/product\/101","targetHints":{"allow":["GET"]}}],"collection":[{"href":"https:\/\/www.wypozyczdrona.pl\/index.php?rest_route=\/wp\/v2\/product"}],"about":[{"href":"https:\/\/www.wypozyczdrona.pl\/index.php?rest_route=\/wp\/v2\/types\/product"}],"replies":[{"embeddable":true,"href":"https:\/\/www.wypozyczdrona.pl\/index.php?rest_route=%2Fwp%2Fv2%2Fcomments&post=101"}],"wp:featuredmedia":[{"embeddable":true,"href":"https:\/\/www.wypozyczdrona.pl\/index.php?rest_route=\/wp\/v2\/media\/97"}],"wp:attachment":[{"href":"https:\/\/www.wypozyczdrona.pl\/index.php?rest_route=%2Fwp%2Fv2%2Fmedia&parent=101"}],"wp:term":[{"taxonomy":"product_brand","embeddable":true,"href":"https:\/\/www.wypozyczdrona.pl\/index.php?rest_route=%2Fwp%2Fv2%2Fproduct_brand&post=101"},{"taxonomy":"product_cat","embeddable":true,"href":"https:\/\/www.wypozyczdrona.pl\/index.php?rest_route=%2Fwp%2Fv2%2Fproduct_cat&post=101"},{"taxonomy":"product_tag","embeddable":true,"href":"https:\/\/www.wypozyczdrona.pl\/index.php?rest_route=%2Fwp%2Fv2%2Fproduct_tag&post=101"}],"curies":[{"name":"wp","href":"https:\/\/api.w.org\/{rel}","templated":true}]}}