{"id":100,"date":"2026-03-06T14:38:11","date_gmt":"2026-03-06T13:38:11","guid":{"rendered":"https:\/\/www.wypozyczdrona.pl\/?post_type=product&#038;p=100"},"modified":"2026-03-06T14:40:42","modified_gmt":"2026-03-06T13:40:42","slug":"dji-matrice-4e","status":"publish","type":"product","link":"https:\/\/www.wypozyczdrona.pl\/?product=dji-matrice-4e","title":{"rendered":"DJI Matrice 4E"},"content":{"rendered":"<p>DJI Matrice 4E to profesjonalna platforma zaprojektowana przede wszystkim do zada\u0144 geodezyjnych, mapowania oraz prac in\u017cynieryjnych. Model ten zosta\u0142 stworzony z my\u015bl\u0105 o pozyskiwaniu precyzyjnych danych przestrzennych, dlatego lepiej ni\u017c l\u017cejsze konstrukcje sprawdza si\u0119 w zastosowaniach pomiarowych, dokumentacyjnych i inspekcyjnych. Jego mocn\u0105 stron\u0105 jest po\u0142\u0105czenie kompaktowej formy z zaawansowanym zestawem kamer, w tym szerokok\u0105tnej kamery z mechaniczn\u0105 migawk\u0105 oraz dodatkowymi teleobiektywami, co zwi\u0119ksza u\u017cyteczno\u015b\u0107 w pracy terenowej. To rozwi\u0105zanie dla u\u017cytkownik\u00f3w, kt\u00f3rym zale\u017cy nie tylko na mobilno\u015bci, ale przede wszystkim na dok\u0142adno\u015bci, powtarzalno\u015bci i profesjonalnym charakterze realizowanych misji.<\/p>\n","protected":false},"excerpt":{"rendered":"<p>DJI Matrice 4E to profesjonalna platforma zaprojektowana przede wszystkim do zada\u0144 geodezyjnych, mapowania oraz prac in\u017cynieryjnych. Model ten zosta\u0142 stworzony z my\u015bl\u0105 o pozyskiwaniu precyzyjnych danych przestrzennych, dlatego lepiej ni\u017c l\u017cejsze konstrukcje sprawdza si\u0119 w zastosowaniach pomiarowych, dokumentacyjnych i inspekcyjnych. Jego mocn\u0105 stron\u0105 jest po\u0142\u0105czenie kompaktowej formy z zaawansowanym zestawem kamer, w tym szerokok\u0105tnej kamery [&hellip;]<\/p>\n","protected":false},"featured_media":97,"comment_status":"open","ping_status":"closed","template":"","meta":[],"product_brand":[],"product_cat":[15],"product_tag":[],"class_list":{"0":"post-100","1":"product","2":"type-product","3":"status-publish","4":"has-post-thumbnail","6":"product_cat-bez-kategorii","8":"first","9":"instock","10":"taxable","11":"shipping-taxable","12":"purchasable","13":"product-type-redq_rental"},"_links":{"self":[{"href":"https:\/\/www.wypozyczdrona.pl\/index.php?rest_route=\/wp\/v2\/product\/100","targetHints":{"allow":["GET"]}}],"collection":[{"href":"https:\/\/www.wypozyczdrona.pl\/index.php?rest_route=\/wp\/v2\/product"}],"about":[{"href":"https:\/\/www.wypozyczdrona.pl\/index.php?rest_route=\/wp\/v2\/types\/product"}],"replies":[{"embeddable":true,"href":"https:\/\/www.wypozyczdrona.pl\/index.php?rest_route=%2Fwp%2Fv2%2Fcomments&post=100"}],"wp:featuredmedia":[{"embeddable":true,"href":"https:\/\/www.wypozyczdrona.pl\/index.php?rest_route=\/wp\/v2\/media\/97"}],"wp:attachment":[{"href":"https:\/\/www.wypozyczdrona.pl\/index.php?rest_route=%2Fwp%2Fv2%2Fmedia&parent=100"}],"wp:term":[{"taxonomy":"product_brand","embeddable":true,"href":"https:\/\/www.wypozyczdrona.pl\/index.php?rest_route=%2Fwp%2Fv2%2Fproduct_brand&post=100"},{"taxonomy":"product_cat","embeddable":true,"href":"https:\/\/www.wypozyczdrona.pl\/index.php?rest_route=%2Fwp%2Fv2%2Fproduct_cat&post=100"},{"taxonomy":"product_tag","embeddable":true,"href":"https:\/\/www.wypozyczdrona.pl\/index.php?rest_route=%2Fwp%2Fv2%2Fproduct_tag&post=100"}],"curies":[{"name":"wp","href":"https:\/\/api.w.org\/{rel}","templated":true}]}}